{"id":10,"date":"2026-01-13T21:05:53","date_gmt":"2026-01-13T21:05:53","guid":{"rendered":"https:\/\/curpi.pt\/?page_id=10"},"modified":"2026-02-17T16:44:11","modified_gmt":"2026-02-17T16:44:11","slug":"documentos","status":"publish","type":"page","link":"https:\/\/curpi.pt\/index.php\/documentos\/","title":{"rendered":"Documentos"},"content":{"rendered":"\n<hr class=\"wp-block-separator has-alpha-channel-opacity is-style-default\"\/>\n\n\n\n<h2 class=\"wp-block-heading\">Documentos<\/h2>\n\n\n\n<figure class=\"wp-block-table is-style-stripes\" style=\"padding-top:var(--wp--preset--spacing--30);padding-bottom:var(--wp--preset--spacing--30)\"><table><thead><tr><th>Documento<\/th><th class=\"has-text-align-center\" data-align=\"center\">Data<\/th><th class=\"has-text-align-center\" data-align=\"center\"><\/th><\/tr><\/thead><tbody><tr><td>Convocat\u00f3ria Assembleia Geral 20\/12\/2024<\/td><td class=\"has-text-align-center\" data-align=\"center\"><\/td><td class=\"has-text-align-center\" data-align=\"center\"><a href=\"https:\/\/curpi.pt\/wp-content\/uploads\/2026\/02\/DOC181124-18112024140617.pdf\"><strong>Aceder<\/strong><\/a><\/td><\/tr><tr><td>Convocat\u00f3ria Assembleia Geral 29\/11\/2024<\/td><td class=\"has-text-align-center\" data-align=\"center\"><\/td><td class=\"has-text-align-center\" data-align=\"center\"><a href=\"https:\/\/curpi.pt\/wp-content\/uploads\/2026\/02\/DOC181124-18112024140609.pdf\" target=\"_blank\" rel=\"noreferrer noopener\"><strong>Aceder<\/strong><\/a><\/td><\/tr><tr><td>Convocat\u00f3ria Assembleia Geral 25\/06\/2024<\/td><td class=\"has-text-align-center\" data-align=\"center\"><\/td><td class=\"has-text-align-center\" data-align=\"center\"><a href=\"https:\/\/curpi.pt\/wp-content\/uploads\/2026\/02\/DOC181124-18112024140617.pdf\" target=\"_blank\" rel=\"noreferrer noopener\"><strong>Aceder<\/strong><\/a><\/td><\/tr><tr><td>Relat\u00f3rio e Contas 2024<\/td><td class=\"has-text-align-center\" data-align=\"center\"><\/td><td class=\"has-text-align-center\" data-align=\"center\"><a href=\"https:\/\/curpi.pt\/wp-content\/uploads\/2026\/02\/Relatorio-e-Contas-2024-publicar.pdf\" target=\"_blank\" rel=\"noreferrer noopener\"><strong>Aceder<\/strong><\/a><\/td><\/tr><tr><td>Or\u00e7amento e plano de atividades 2024<\/td><td class=\"has-text-align-center\" data-align=\"center\">25\/11\/2023<\/td><td class=\"has-text-align-center\" data-align=\"center\"><a href=\"https:\/\/curpi.pt\/wp-content\/uploads\/2026\/02\/Orcamento-2024.pdf\" target=\"_blank\" rel=\"noreferrer noopener\"><strong>Aceder<\/strong><\/a><\/td><\/tr><tr><td>Convocat\u00f3ria Assembleia Geral 30\/11\/2023<\/td><td class=\"has-text-align-center\" data-align=\"center\"><\/td><td class=\"has-text-align-center\" data-align=\"center\"><a href=\"https:\/\/curpi.pt\/wp-content\/uploads\/2026\/02\/Convocatoria-marco-2023.pdf\" target=\"_blank\" rel=\"noreferrer noopener\"><strong>Aceder<\/strong><\/a><\/td><\/tr><tr><td>Relat\u00f3rio e Contas 2023<\/td><td class=\"has-text-align-center\" data-align=\"center\"><\/td><td class=\"has-text-align-center\" data-align=\"center\"><a href=\"https:\/\/curpi.pt\/wp-content\/uploads\/2026\/02\/Relatorio-e-Contas-2023-publicar.pdf\" target=\"_blank\" rel=\"noreferrer noopener\"><strong>Aceder<\/strong><\/a><\/td><\/tr><tr><td>Relat\u00f3rio e Contas 2022<\/td><td class=\"has-text-align-center\" data-align=\"center\"><\/td><td class=\"has-text-align-center\" data-align=\"center\"><strong><a href=\"https:\/\/curpi.pt\/wp-content\/uploads\/2026\/02\/Relatorio-e-Contas-2022-publicar.pdf\" target=\"_blank\" rel=\"noreferrer noopener\">Aceder<\/a><\/strong><\/td><\/tr><tr><td>Convocat\u00f3ria Assembleia Geral 31\/03\/2023<\/td><td class=\"has-text-align-center\" data-align=\"center\"><\/td><td class=\"has-text-align-center\" data-align=\"center\"><a href=\"https:\/\/curpi.pt\/wp-content\/uploads\/2026\/02\/Convocatoria-marco-2023.pdf\" target=\"_blank\" rel=\"noreferrer noopener\"><strong>Aceder<\/strong><\/a><\/td><\/tr><tr><td>Convocat\u00f3ria Assembleia Geral 30\/11\/2022<\/td><td class=\"has-text-align-center\" data-align=\"center\"><\/td><td class=\"has-text-align-center\" data-align=\"center\"><a href=\"https:\/\/curpi.pt\/wp-content\/uploads\/2026\/02\/Convocatoria-Nov.-2022.pdf\" target=\"_blank\" rel=\"noreferrer noopener\"><strong>Aceder<\/strong><\/a><\/td><\/tr><tr><td>Relat\u00f3rio e Contas 2021<\/td><td class=\"has-text-align-center\" data-align=\"center\"><\/td><td class=\"has-text-align-center\" data-align=\"center\"><a href=\"https:\/\/curpi.pt\/wp-content\/uploads\/2026\/02\/Relatorio-e-Conta-CURPI-2021-para-publicar-1.pdf\" target=\"_blank\" rel=\"noreferrer noopener\"><strong>Aceder<\/strong><\/a><\/td><\/tr><tr><td>Convocat\u00f3ria Assembleia Geral 14\/05\/2022<\/td><td class=\"has-text-align-center\" data-align=\"center\"><\/td><td class=\"has-text-align-center\" data-align=\"center\"><a href=\"https:\/\/curpi.pt\/wp-content\/uploads\/2026\/02\/Convocatoria-Assembleia-Maio-2022.pdf\" data-type=\"link\" data-id=\"https:\/\/curpi.pt\/wp-content\/uploads\/2026\/02\/Convocatoria-Assembleia-Maio-2022.pdf\" target=\"_blank\" rel=\"noreferrer noopener\"><strong>Aceder<\/strong><\/a><\/td><\/tr><tr><td>Convocat\u00f3ria Assembleia Geral 27\/11\/2021<\/td><td class=\"has-text-align-center\" data-align=\"center\"><\/td><td class=\"has-text-align-center\" data-align=\"center\"><a href=\"https:\/\/curpi.pt\/wp-content\/uploads\/2026\/02\/assembleia-27.novembro.2021.jpg\" target=\"_blank\" rel=\"noreferrer noopener\"><strong>Aceder<\/strong><\/a><\/td><\/tr><tr><td>Altera\u00e7\u00e3o da data da Assembleia Geral para 18\/09\/2021<\/td><td class=\"has-text-align-center\" data-align=\"center\"><\/td><td class=\"has-text-align-center\" data-align=\"center\"><a href=\"https:\/\/curpi.pt\/wp-content\/uploads\/2026\/02\/Comunicado-Convoctoria-Set.-2021.pdf\" target=\"_blank\" rel=\"noreferrer noopener\"><strong>Aceder<\/strong><\/a><\/td><\/tr><tr><td>Altera\u00e7\u00e3o da data da Assembleia Geral para 10\/07\/2021<\/td><td class=\"has-text-align-center\" data-align=\"center\"><\/td><td class=\"has-text-align-center\" data-align=\"center\"><a href=\"https:\/\/curpi.pt\/wp-content\/uploads\/2026\/02\/Comunicado-convocatoria.pdf\" target=\"_blank\" rel=\"noreferrer noopener\"><strong>Aceder<\/strong><\/a><\/td><\/tr><tr><td>Convocat\u00f3ria Assembleia Geral 26\/06\/2021<\/td><td class=\"has-text-align-center\" data-align=\"center\"><\/td><td class=\"has-text-align-center\" data-align=\"center\"><a href=\"https:\/\/curpi.pt\/wp-content\/uploads\/2026\/02\/Convocatoria-Marco-2021-junho2021.pdf\"><strong>Aceder<\/strong><\/a><\/td><\/tr><tr><td>Relat\u00f3rio e Contas 2020<\/td><td class=\"has-text-align-center\" data-align=\"center\"><\/td><td class=\"has-text-align-center\" data-align=\"center\"><strong><a href=\"https:\/\/curpi.pt\/wp-content\/uploads\/2026\/02\/Relatorio-e-Contas-CURPI-2020-para-publicar.pdf\" target=\"_blank\" rel=\"noreferrer noopener\">Aceder<\/a><\/strong><\/td><\/tr><tr><td>Relat\u00f3rio e Contas 2019<\/td><td class=\"has-text-align-center\" data-align=\"center\"><\/td><td class=\"has-text-align-center\" data-align=\"center\"><strong><a href=\"https:\/\/curpi.pt\/wp-content\/uploads\/2026\/02\/Relatorio-e-Contas-2019-CURPI-publicar.pdf\" target=\"_blank\" rel=\"noreferrer noopener\">Aceder<\/a><\/strong><\/td><\/tr><tr><td>Plano de Contig\u00eancia COVID-19<\/td><td class=\"has-text-align-center\" data-align=\"center\">09\/03\/2020<\/td><td class=\"has-text-align-center\" data-align=\"center\"><a href=\"https:\/\/curpi.pt\/wp-content\/uploads\/2026\/02\/PLANO-DE-CONTIGENCIA.pdf\" target=\"_blank\" rel=\"noreferrer noopener\"><strong>Aceder<\/strong><\/a><\/td><\/tr><tr><td>Convocat\u00f3ria Assembleia Geral 30\/11\/2019<\/td><td class=\"has-text-align-center\" data-align=\"center\"><\/td><td class=\"has-text-align-center\" data-align=\"center\"><strong><a href=\"https:\/\/curpi.pt\/wp-content\/uploads\/2026\/02\/Convocatoria-Nov.-2019.pdf\" data-type=\"link\" data-id=\"https:\/\/curpi.pt\/wp-content\/uploads\/2026\/02\/Convocatoria-Nov.-2019.pdf\" target=\"_blank\" rel=\"noreferrer noopener\">Aceder<\/a><\/strong><\/td><\/tr><tr><td>Relat\u00f3rio e Contas 2018<\/td><td class=\"has-text-align-center\" data-align=\"center\"><\/td><td class=\"has-text-align-center\" data-align=\"center\"><strong><a href=\"https:\/\/curpi.pt\/wp-content\/uploads\/2026\/02\/RC-CURPI-2018.pdf\" data-type=\"link\" data-id=\"https:\/\/curpi.pt\/wp-content\/uploads\/2026\/02\/RC-CURPI-2018.pdf\" target=\"_blank\" rel=\"noreferrer noopener\">Aceder<\/a><\/strong><\/td><\/tr><tr><td>Convocat\u00f3ria Assembleia Geral 30\/03\/2019<\/td><td class=\"has-text-align-center\" data-align=\"center\"><\/td><td class=\"has-text-align-center\" data-align=\"center\"><a href=\"https:\/\/curpi.pt\/wp-content\/uploads\/2026\/02\/Convocatoria-marco-2019.jpg\" data-type=\"link\" data-id=\"https:\/\/curpi.pt\/wp-content\/uploads\/2026\/02\/Convocatoria-marco-2019.jpg\" target=\"_blank\" rel=\"noreferrer noopener\"><strong>Aceder<\/strong><\/a><\/td><\/tr><tr><td>Or\u00e7amento e plano de atividades para 2019<\/td><td class=\"has-text-align-center\" data-align=\"center\"><\/td><td class=\"has-text-align-center\" data-align=\"center\"><strong><a href=\"https:\/\/curpi.pt\/wp-content\/uploads\/2026\/02\/Orcamento-2019-1.pdf\" target=\"_blank\" rel=\"noreferrer noopener\">Aceder<\/a><\/strong><\/td><\/tr><tr><td>Convocat\u00f3ria Assembleia Geral 24\/11\/2018<\/td><td class=\"has-text-align-center\" data-align=\"center\"><\/td><td class=\"has-text-align-center\" data-align=\"center\"><a href=\"https:\/\/curpi.pt\/wp-content\/uploads\/2026\/02\/Convocatoria-Ordinaria-Nov18.jpg\" target=\"_blank\" rel=\"noreferrer noopener\"><strong>Aceder<\/strong><\/a><\/td><\/tr><tr><td>Convocat\u00f3ria Assembleia Geral 20\/10\/2018<\/td><td class=\"has-text-align-center\" data-align=\"center\"><\/td><td class=\"has-text-align-center\" data-align=\"center\"><a href=\"https:\/\/curpi.pt\/wp-content\/uploads\/2026\/02\/Conv.-Extra.-Out-18.jpg\" data-type=\"link\" data-id=\"https:\/\/curpi.pt\/wp-content\/uploads\/2026\/02\/Conv.-Extra.-Out-18.jpg\" target=\"_blank\" rel=\"noreferrer noopener\"><strong>Aceder<\/strong><\/a><\/td><\/tr><\/tbody><\/table><\/figure>\n","protected":false},"excerpt":{"rendered":"<p>Documentos Documento Data Convocat\u00f3ria Assembleia Geral 20\/12\/2024 Aceder Convocat\u00f3ria Assembleia Geral 29\/11\/2024 Aceder Convocat\u00f3ria Assembleia Geral 25\/06\/2024 Aceder Relat\u00f3rio e Contas 2024 Aceder Or\u00e7amento e plano de atividades 2024 25\/11\/2023 Aceder Convocat\u00f3ria Assembleia Geral 30\/11\/2023 Aceder Relat\u00f3rio e Contas 2023 Aceder Relat\u00f3rio e Contas 2022 Aceder Convocat\u00f3ria Assembleia Geral 31\/03\/2023 Aceder Convocat\u00f3ria Assembleia Geral 30\/11\/2022 [&hellip;]<\/p>\n","protected":false},"author":1,"featured_media":0,"parent":0,"menu_order":0,"comment_status":"closed","ping_status":"closed","template":"elementor_theme","meta":{"footnotes":""},"class_list":["post-10","page","type-page","status-publish","hentry"],"blocksy_meta":{"disable_share_box":"yes","styles_descriptor":{"styles":{"desktop":"[data-prefix=\"single_page\"] [class*=\"ct-container\"] > article[class*=\"post\"] {--has-boxed:var(--false);--has-wide:var(--true);}","tablet":"","mobile":""},"google_fonts":[],"version":6},"content_style_source":"custom","vertical_spacing_source":"custom"},"_links":{"self":[{"href":"https:\/\/curpi.pt\/index.php\/wp-json\/wp\/v2\/pages\/10","targetHints":{"allow":["GET"]}}],"collection":[{"href":"https:\/\/curpi.pt\/index.php\/wp-json\/wp\/v2\/pages"}],"about":[{"href":"https:\/\/curpi.pt\/index.php\/wp-json\/wp\/v2\/types\/page"}],"author":[{"embeddable":true,"href":"https:\/\/curpi.pt\/index.php\/wp-json\/wp\/v2\/users\/1"}],"replies":[{"embeddable":true,"href":"https:\/\/curpi.pt\/index.php\/wp-json\/wp\/v2\/comments?post=10"}],"version-history":[{"count":29,"href":"https:\/\/curpi.pt\/index.php\/wp-json\/wp\/v2\/pages\/10\/revisions"}],"predecessor-version":[{"id":141,"href":"https:\/\/curpi.pt\/index.php\/wp-json\/wp\/v2\/pages\/10\/revisions\/141"}],"wp:attachment":[{"href":"https:\/\/curpi.pt\/index.php\/wp-json\/wp\/v2\/media?parent=10"}],"curies":[{"name":"wp","href":"https:\/\/api.w.org\/{rel}","templated":true}]}}