{"id":28,"date":"2026-01-14T21:23:07","date_gmt":"2026-01-14T21:23:07","guid":{"rendered":"https:\/\/curpi.pt\/?page_id=28"},"modified":"2026-01-14T23:15:24","modified_gmt":"2026-01-14T23:15:24","slug":"curpi-inicio","status":"publish","type":"page","link":"https:\/\/curpi.pt\/","title":{"rendered":"CURPI In\u00edcio"},"content":{"rendered":"\t\t<div data-elementor-type=\"wp-page\" data-elementor-id=\"28\" class=\"elementor elementor-28\">\n\t\t\t\t<div class=\"elementor-element elementor-element-9cb9a09 e-con-full e-flex e-con e-parent\" data-id=\"9cb9a09\" data-element_type=\"container\" data-e-type=\"container\" data-settings=\"{&quot;background_background&quot;:&quot;classic&quot;}\">\n\t\t\t\t<\/div>\n\t\t<div class=\"elementor-element elementor-element-c7be09b e-flex e-con-boxed e-con e-parent\" data-id=\"c7be09b\" data-element_type=\"container\" data-e-type=\"container\">\n\t\t\t\t\t<div class=\"e-con-inner\">\n\t\t\t\t<div class=\"elementor-element elementor-element-aed8b5c elementor-widget elementor-widget-heading\" data-id=\"aed8b5c\" data-element_type=\"widget\" data-e-type=\"widget\" data-widget_type=\"heading.default\">\n\t\t\t\t\t<h2 class=\"elementor-heading-title elementor-size-default\">Sobre a CURPI<\/h2>\t\t\t\t<\/div>\n\t\t\t\t<div class=\"elementor-element elementor-element-2339351 elementor-widget elementor-widget-text-editor\" data-id=\"2339351\" data-element_type=\"widget\" data-e-type=\"widget\" data-widget_type=\"text-editor.default\">\n\t\t\t\t\t\t\t\t\t<p>A ASSOCIA\u00c7\u00c3O \u00ab Comiss\u00e3o Unit\u00e1ria dos Reformados Pensionistas e Idosos do Conselho\u00a0 de Campo Maior, CURPI \u2013 CCM\u00bb,\u00a0 \u00e9 uma institui\u00e7\u00e3o\u00a0 particular de solidariedade social sem fins lucrativos com sede na Avenida da Liberdade, freguesia de S. Jo\u00e3o Baptista, concelho de Campo Maior, distrito de Portalegre e o seu \u00e2mbito de a\u00e7\u00e3o abrange o\u00a0 concelho.<\/p><p>A associa\u00e7\u00e3o tem como objetivos em especial:<\/p><p>a) Organizar os Reformados, Pensionistas e Idosos do Concelho de Campo Maior\u00a0 para a realiza\u00e7\u00e3o e defesa dos seus interesses colectivos;<\/p><p>b) Promover, organizar e apoiar a\u00e7\u00f5es conducentes \u00e0 efetiva\u00e7\u00e3o dos seus direitos,\u00a0 nomeadamente os previstos na Constitui\u00e7\u00e3o da Republica que visem assegurar e\u00a0 proteger uma exist\u00eancia condigna na velhice, invalidez ou sobreviv\u00eancia;<\/p><p>c) Desenvolver e refor\u00e7ar o esp\u00edrito de unidade e de solidariedade entre todos os\u00a0 trabalhadores no ativo, reformados, pensionistas e idosos, condi\u00e7\u00e3o\u00a0 indispens\u00e1vel para a resolu\u00e7\u00e3o dos seus problemas;<\/p><p>d) Fomentar e alicer\u00e7ar a sua liga\u00e7\u00e3o como os \u00f3rg\u00e3os do poder local e\u00a0 organiza\u00e7\u00f5es populares de base no desenvolvimento da sua atividade; e) Levar \u00e0 pratica as iniciativas que melhor garantam uma vida compat\u00edvel com a\u00a0 sua natureza de homens livres.<\/p>\t\t\t\t\t\t\t\t<\/div>\n\t\t\t\t\t<\/div>\n\t\t\t\t<\/div>\n\t\t<div class=\"elementor-element elementor-element-c074859 e-flex e-con-boxed e-con e-parent\" data-id=\"c074859\" data-element_type=\"container\" data-e-type=\"container\">\n\t\t\t\t\t<div class=\"e-con-inner\">\n\t\t\t\t<div class=\"elementor-element elementor-element-a912689 elementor-invisible elementor-widget elementor-widget-heading\" data-id=\"a912689\" data-element_type=\"widget\" data-e-type=\"widget\" data-settings=\"{&quot;_animation&quot;:&quot;fadeInUp&quot;}\" data-widget_type=\"heading.default\">\n\t\t\t\t\t<h2 class=\"elementor-heading-title elementor-size-default\">Onde estamos<\/h2>\t\t\t\t<\/div>\n\t\t\t\t<div class=\"elementor-element elementor-element-396c18c elementor-invisible elementor-widget elementor-widget-google_maps\" data-id=\"396c18c\" data-element_type=\"widget\" data-e-type=\"widget\" data-settings=\"{&quot;_animation&quot;:&quot;fadeInUp&quot;}\" data-widget_type=\"google_maps.default\">\n\t\t\t\t\t\t\t<div class=\"elementor-custom-embed\">\n\t\t\t<iframe loading=\"lazy\"\n\t\t\t\t\tsrc=\"https:\/\/maps.google.com\/maps?q=Av.%20da%20Liberdade%207370%2C%207370-112%20Campo%20Maior&#038;t=m&#038;z=17&#038;output=embed&#038;iwloc=near\"\n\t\t\t\t\ttitle=\"Av. da Liberdade 7370, 7370-112 Campo Maior\"\n\t\t\t\t\taria-label=\"Av. da Liberdade 7370, 7370-112 Campo Maior\"\n\t\t\t><\/iframe>\n\t\t<\/div>\n\t\t\t\t\t\t<\/div>\n\t\t\t\t\t<\/div>\n\t\t\t\t<\/div>\n\t\t\t\t<\/div>\n\t\t","protected":false},"excerpt":{"rendered":"<p>Sobre a CURPI A ASSOCIA\u00c7\u00c3O \u00ab Comiss\u00e3o Unit\u00e1ria dos Reformados Pensionistas e Idosos do Conselho\u00a0 de Campo Maior, CURPI \u2013 CCM\u00bb,\u00a0 \u00e9 uma institui\u00e7\u00e3o\u00a0 particular de solidariedade social sem fins lucrativos com sede na Avenida da Liberdade, freguesia de S. Jo\u00e3o Baptista, concelho de Campo Maior, distrito de Portalegre e o seu \u00e2mbito de a\u00e7\u00e3o [&hellip;]<\/p>\n","protected":false},"author":1,"featured_media":0,"parent":0,"menu_order":0,"comment_status":"closed","ping_status":"closed","template":"","meta":{"footnotes":""},"class_list":["post-28","page","type-page","status-publish","hentry"],"blocksy_meta":[],"_links":{"self":[{"href":"https:\/\/curpi.pt\/index.php\/wp-json\/wp\/v2\/pages\/28","targetHints":{"allow":["GET"]}}],"collection":[{"href":"https:\/\/curpi.pt\/index.php\/wp-json\/wp\/v2\/pages"}],"about":[{"href":"https:\/\/curpi.pt\/index.php\/wp-json\/wp\/v2\/types\/page"}],"author":[{"embeddable":true,"href":"https:\/\/curpi.pt\/index.php\/wp-json\/wp\/v2\/users\/1"}],"replies":[{"embeddable":true,"href":"https:\/\/curpi.pt\/index.php\/wp-json\/wp\/v2\/comments?post=28"}],"version-history":[{"count":29,"href":"https:\/\/curpi.pt\/index.php\/wp-json\/wp\/v2\/pages\/28\/revisions"}],"predecessor-version":[{"id":75,"href":"https:\/\/curpi.pt\/index.php\/wp-json\/wp\/v2\/pages\/28\/revisions\/75"}],"wp:attachment":[{"href":"https:\/\/curpi.pt\/index.php\/wp-json\/wp\/v2\/media?parent=28"}],"curies":[{"name":"wp","href":"https:\/\/api.w.org\/{rel}","templated":true}]}}